{"id":1595,"date":"2023-01-09T15:36:27","date_gmt":"2023-01-09T14:36:27","guid":{"rendered":"https:\/\/landsberg.pl\/oferta\/"},"modified":"2023-09-22T12:37:05","modified_gmt":"2023-09-22T10:37:05","slug":"offre","status":"publish","type":"page","link":"https:\/\/landsberg.pl\/fr\/offre\/","title":{"rendered":"OFFRE"},"content":{"rendered":"","protected":false},"excerpt":{"rendered":"","protected":false},"author":1,"featured_media":0,"parent":0,"menu_order":0,"comment_status":"closed","ping_status":"closed","template":"template-oferta.php","meta":{"_acf_changed":false,"footnotes":""},"class_list":["post-1595","page","type-page","status-publish","hentry"],"acf":[],"yoast_head":"<!-- This site is optimized with the Yoast SEO plugin v27.3 - https:\/\/yoast.com\/product\/yoast-seo-wordpress\/ -->\n<title>OFFRE - Landsberg Producent Profili Stalowych<\/title>\n<meta name=\"description\" content=\"Nous fabriquons une large gamme de profil\u00e9s dont les diff\u00e9rentes sections permettent d\u2019approvisionner divers secteurs de l\u2019industrie.Nous utilisons la technologie de formage \u00e0 froid, ce qui permet de pr\u00e9server les propri\u00e9t\u00e9s de l\u2019acier de la plus haute qualit\u00e9.\" \/>\n<meta name=\"robots\" content=\"index, follow, max-snippet:-1, max-image-preview:large, max-video-preview:-1\" \/>\n<link rel=\"canonical\" href=\"https:\/\/landsberg.pl\/fr\/offre\/\" \/>\n<meta property=\"og:locale\" content=\"fr_FR\" \/>\n<meta property=\"og:type\" content=\"article\" \/>\n<meta property=\"og:title\" content=\"OFFRE - Landsberg Producent Profili Stalowych\" \/>\n<meta property=\"og:description\" content=\"Nous fabriquons une large gamme de profil\u00e9s dont les diff\u00e9rentes sections permettent d\u2019approvisionner divers secteurs de l\u2019industrie.Nous utilisons la technologie de formage \u00e0 froid, ce qui permet de pr\u00e9server les propri\u00e9t\u00e9s de l\u2019acier de la plus haute qualit\u00e9.\" \/>\n<meta property=\"og:url\" content=\"https:\/\/landsberg.pl\/fr\/offre\/\" \/>\n<meta property=\"og:site_name\" content=\"Landsberg Producent Profili Stalowych\" \/>\n<meta property=\"article:modified_time\" content=\"2023-09-22T10:37:05+00:00\" \/>\n<meta property=\"og:image\" content=\"https:\/\/landsberg.pl\/wp-content\/uploads\/2023\/01\/op@2x.jpg\" \/>\n\t<meta property=\"og:image:width\" content=\"2400\" \/>\n\t<meta property=\"og:image:height\" content=\"1260\" \/>\n\t<meta property=\"og:image:type\" content=\"image\/jpeg\" \/>\n<meta name=\"twitter:card\" content=\"summary_large_image\" \/>\n<script type=\"application\/ld+json\" class=\"yoast-schema-graph\">{\"@context\":\"https:\\\/\\\/schema.org\",\"@graph\":[{\"@type\":\"WebPage\",\"@id\":\"https:\\\/\\\/landsberg.pl\\\/fr\\\/offre\\\/\",\"url\":\"https:\\\/\\\/landsberg.pl\\\/fr\\\/offre\\\/\",\"name\":\"OFFRE - Landsberg Producent Profili Stalowych\",\"isPartOf\":{\"@id\":\"https:\\\/\\\/landsberg.pl\\\/fr\\\/#website\"},\"datePublished\":\"2023-01-09T14:36:27+00:00\",\"dateModified\":\"2023-09-22T10:37:05+00:00\",\"description\":\"Nous fabriquons une large gamme de profil\u00e9s dont les diff\u00e9rentes sections permettent d\u2019approvisionner divers secteurs de l\u2019industrie.Nous utilisons la technologie de formage \u00e0 froid, ce qui permet de pr\u00e9server les propri\u00e9t\u00e9s de l\u2019acier de la plus haute qualit\u00e9.\",\"breadcrumb\":{\"@id\":\"https:\\\/\\\/landsberg.pl\\\/fr\\\/offre\\\/#breadcrumb\"},\"inLanguage\":\"fr-FR\",\"potentialAction\":[{\"@type\":\"ReadAction\",\"target\":[\"https:\\\/\\\/landsberg.pl\\\/fr\\\/offre\\\/\"]}]},{\"@type\":\"BreadcrumbList\",\"@id\":\"https:\\\/\\\/landsberg.pl\\\/fr\\\/offre\\\/#breadcrumb\",\"itemListElement\":[{\"@type\":\"ListItem\",\"position\":1,\"name\":\"Strona g\u0142\u00f3wna\",\"item\":\"https:\\\/\\\/landsberg.pl\\\/fr\\\/\"},{\"@type\":\"ListItem\",\"position\":2,\"name\":\"OFFRE\"}]},{\"@type\":\"WebSite\",\"@id\":\"https:\\\/\\\/landsberg.pl\\\/fr\\\/#website\",\"url\":\"https:\\\/\\\/landsberg.pl\\\/fr\\\/\",\"name\":\"Landsberg Producent Profili Stalowych\",\"description\":\"Producent certyfikowanych wyrob\u00f3w stalowych, profili konstrukcyjnych i wzmocnie\u0144 okienno-drzwiowych\",\"potentialAction\":[{\"@type\":\"SearchAction\",\"target\":{\"@type\":\"EntryPoint\",\"urlTemplate\":\"https:\\\/\\\/landsberg.pl\\\/fr\\\/?s={search_term_string}\"},\"query-input\":{\"@type\":\"PropertyValueSpecification\",\"valueRequired\":true,\"valueName\":\"search_term_string\"}}],\"inLanguage\":\"fr-FR\"}]}<\/script>\n<!-- \/ Yoast SEO plugin. -->","yoast_head_json":{"title":"OFFRE - Landsberg Producent Profili Stalowych","description":"Nous fabriquons une large gamme de profil\u00e9s dont les diff\u00e9rentes sections permettent d\u2019approvisionner divers secteurs de l\u2019industrie.Nous utilisons la technologie de formage \u00e0 froid, ce qui permet de pr\u00e9server les propri\u00e9t\u00e9s de l\u2019acier de la plus haute qualit\u00e9.","robots":{"index":"index","follow":"follow","max-snippet":"max-snippet:-1","max-image-preview":"max-image-preview:large","max-video-preview":"max-video-preview:-1"},"canonical":"https:\/\/landsberg.pl\/fr\/offre\/","og_locale":"fr_FR","og_type":"article","og_title":"OFFRE - Landsberg Producent Profili Stalowych","og_description":"Nous fabriquons une large gamme de profil\u00e9s dont les diff\u00e9rentes sections permettent d\u2019approvisionner divers secteurs de l\u2019industrie.Nous utilisons la technologie de formage \u00e0 froid, ce qui permet de pr\u00e9server les propri\u00e9t\u00e9s de l\u2019acier de la plus haute qualit\u00e9.","og_url":"https:\/\/landsberg.pl\/fr\/offre\/","og_site_name":"Landsberg Producent Profili Stalowych","article_modified_time":"2023-09-22T10:37:05+00:00","og_image":[{"width":2400,"height":1260,"url":"https:\/\/landsberg.pl\/wp-content\/uploads\/2023\/01\/op@2x.jpg","type":"image\/jpeg"}],"twitter_card":"summary_large_image","schema":{"@context":"https:\/\/schema.org","@graph":[{"@type":"WebPage","@id":"https:\/\/landsberg.pl\/fr\/offre\/","url":"https:\/\/landsberg.pl\/fr\/offre\/","name":"OFFRE - Landsberg Producent Profili Stalowych","isPartOf":{"@id":"https:\/\/landsberg.pl\/fr\/#website"},"datePublished":"2023-01-09T14:36:27+00:00","dateModified":"2023-09-22T10:37:05+00:00","description":"Nous fabriquons une large gamme de profil\u00e9s dont les diff\u00e9rentes sections permettent d\u2019approvisionner divers secteurs de l\u2019industrie.Nous utilisons la technologie de formage \u00e0 froid, ce qui permet de pr\u00e9server les propri\u00e9t\u00e9s de l\u2019acier de la plus haute qualit\u00e9.","breadcrumb":{"@id":"https:\/\/landsberg.pl\/fr\/offre\/#breadcrumb"},"inLanguage":"fr-FR","potentialAction":[{"@type":"ReadAction","target":["https:\/\/landsberg.pl\/fr\/offre\/"]}]},{"@type":"BreadcrumbList","@id":"https:\/\/landsberg.pl\/fr\/offre\/#breadcrumb","itemListElement":[{"@type":"ListItem","position":1,"name":"Strona g\u0142\u00f3wna","item":"https:\/\/landsberg.pl\/fr\/"},{"@type":"ListItem","position":2,"name":"OFFRE"}]},{"@type":"WebSite","@id":"https:\/\/landsberg.pl\/fr\/#website","url":"https:\/\/landsberg.pl\/fr\/","name":"Landsberg Producent Profili Stalowych","description":"Producent certyfikowanych wyrob\u00f3w stalowych, profili konstrukcyjnych i wzmocnie\u0144 okienno-drzwiowych","potentialAction":[{"@type":"SearchAction","target":{"@type":"EntryPoint","urlTemplate":"https:\/\/landsberg.pl\/fr\/?s={search_term_string}"},"query-input":{"@type":"PropertyValueSpecification","valueRequired":true,"valueName":"search_term_string"}}],"inLanguage":"fr-FR"}]}},"_links":{"self":[{"href":"https:\/\/landsberg.pl\/fr\/wp-json\/wp\/v2\/pages\/1595","targetHints":{"allow":["GET"]}}],"collection":[{"href":"https:\/\/landsberg.pl\/fr\/wp-json\/wp\/v2\/pages"}],"about":[{"href":"https:\/\/landsberg.pl\/fr\/wp-json\/wp\/v2\/types\/page"}],"author":[{"embeddable":true,"href":"https:\/\/landsberg.pl\/fr\/wp-json\/wp\/v2\/users\/1"}],"replies":[{"embeddable":true,"href":"https:\/\/landsberg.pl\/fr\/wp-json\/wp\/v2\/comments?post=1595"}],"version-history":[{"count":7,"href":"https:\/\/landsberg.pl\/fr\/wp-json\/wp\/v2\/pages\/1595\/revisions"}],"predecessor-version":[{"id":2250,"href":"https:\/\/landsberg.pl\/fr\/wp-json\/wp\/v2\/pages\/1595\/revisions\/2250"}],"wp:attachment":[{"href":"https:\/\/landsberg.pl\/fr\/wp-json\/wp\/v2\/media?parent=1595"}],"curies":[{"name":"wp","href":"https:\/\/api.w.org\/{rel}","templated":true}]}}