{"id":2516,"date":"2023-01-09T15:39:00","date_gmt":"2023-01-09T14:39:00","guid":{"rendered":"https:\/\/landsberg.pl\/oferta-profile-stalowe\/profile-montazowe-i-profile-strut\/"},"modified":"2023-10-05T11:37:57","modified_gmt":"2023-10-05T09:37:57","slug":"profiles-de-montage-et-profiles-strut","status":"publish","type":"page","link":"https:\/\/landsberg.pl\/es\/oferta-profile-stalowe\/profiles-de-montage-et-profiles-strut\/","title":{"rendered":"Profil\u00e9s de montage et profil\u00e9s STRUT"},"content":{"rendered":"","protected":false},"excerpt":{"rendered":"","protected":false},"author":1,"featured_media":0,"parent":2324,"menu_order":0,"comment_status":"closed","ping_status":"closed","template":"template-profile-montazowe-i-profile-strut.php","meta":{"_acf_changed":false,"footnotes":""},"class_list":["post-2516","page","type-page","status-publish","hentry"],"acf":[],"yoast_head":"<!-- This site is optimized with the Yoast SEO plugin v27.3 - https:\/\/yoast.com\/product\/yoast-seo-wordpress\/ -->\n<title>Profil\u00e9s de montage et profil\u00e9s STRUT - Landsberg Producent Profili Stalowych<\/title>\n<meta name=\"description\" content=\"Profil\u00e9s de montage et profil\u00e9s STRUT\" \/>\n<meta name=\"robots\" content=\"index, follow, max-snippet:-1, max-image-preview:large, max-video-preview:-1\" \/>\n<link rel=\"canonical\" href=\"https:\/\/landsberg.pl\/es\/oferta-profile-stalowe\/profiles-de-montage-et-profiles-strut\/\" \/>\n<meta property=\"og:locale\" content=\"es_ES\" \/>\n<meta property=\"og:type\" content=\"article\" \/>\n<meta property=\"og:title\" content=\"Profil\u00e9s de montage et profil\u00e9s STRUT - Landsberg Producent Profili Stalowych\" \/>\n<meta property=\"og:description\" content=\"Profil\u00e9s de montage et profil\u00e9s STRUT\" \/>\n<meta property=\"og:url\" content=\"https:\/\/landsberg.pl\/es\/oferta-profile-stalowe\/profiles-de-montage-et-profiles-strut\/\" \/>\n<meta property=\"og:site_name\" content=\"Landsberg Producent Profili Stalowych\" \/>\n<meta property=\"article:modified_time\" content=\"2023-10-05T09:37:57+00:00\" \/>\n<meta property=\"og:image\" content=\"https:\/\/landsberg.pl\/wp-content\/uploads\/2023\/01\/op@2x.jpg\" \/>\n\t<meta property=\"og:image:width\" content=\"2400\" \/>\n\t<meta property=\"og:image:height\" content=\"1260\" \/>\n\t<meta property=\"og:image:type\" content=\"image\/jpeg\" \/>\n<meta name=\"twitter:card\" content=\"summary_large_image\" \/>\n<script type=\"application\/ld+json\" class=\"yoast-schema-graph\">{\"@context\":\"https:\\\/\\\/schema.org\",\"@graph\":[{\"@type\":\"WebPage\",\"@id\":\"https:\\\/\\\/landsberg.pl\\\/es\\\/oferta-profile-stalowe\\\/profiles-de-montage-et-profiles-strut\\\/\",\"url\":\"https:\\\/\\\/landsberg.pl\\\/es\\\/oferta-profile-stalowe\\\/profiles-de-montage-et-profiles-strut\\\/\",\"name\":\"Profil\u00e9s de montage et profil\u00e9s STRUT - Landsberg Producent Profili Stalowych\",\"isPartOf\":{\"@id\":\"https:\\\/\\\/landsberg.pl\\\/es\\\/#website\"},\"datePublished\":\"2023-01-09T14:39:00+00:00\",\"dateModified\":\"2023-10-05T09:37:57+00:00\",\"description\":\"Profil\u00e9s de montage et profil\u00e9s STRUT\",\"breadcrumb\":{\"@id\":\"https:\\\/\\\/landsberg.pl\\\/es\\\/oferta-profile-stalowe\\\/profiles-de-montage-et-profiles-strut\\\/#breadcrumb\"},\"inLanguage\":\"es\",\"potentialAction\":[{\"@type\":\"ReadAction\",\"target\":[\"https:\\\/\\\/landsberg.pl\\\/es\\\/oferta-profile-stalowe\\\/profiles-de-montage-et-profiles-strut\\\/\"]}]},{\"@type\":\"BreadcrumbList\",\"@id\":\"https:\\\/\\\/landsberg.pl\\\/es\\\/oferta-profile-stalowe\\\/profiles-de-montage-et-profiles-strut\\\/#breadcrumb\",\"itemListElement\":[{\"@type\":\"ListItem\",\"position\":1,\"name\":\"Strona g\u0142\u00f3wna\",\"item\":\"https:\\\/\\\/landsberg.pl\\\/es\\\/\"},{\"@type\":\"ListItem\",\"position\":2,\"name\":\"oferta de productos de acero\",\"item\":\"https:\\\/\\\/landsberg.pl\\\/es\\\/oferta-profile-stalowe\\\/\"},{\"@type\":\"ListItem\",\"position\":3,\"name\":\"Profil\u00e9s de montage et profil\u00e9s STRUT\"}]},{\"@type\":\"WebSite\",\"@id\":\"https:\\\/\\\/landsberg.pl\\\/es\\\/#website\",\"url\":\"https:\\\/\\\/landsberg.pl\\\/es\\\/\",\"name\":\"Landsberg Producent Profili Stalowych\",\"description\":\"Producent certyfikowanych wyrob\u00f3w stalowych, profili konstrukcyjnych i wzmocnie\u0144 okienno-drzwiowych\",\"potentialAction\":[{\"@type\":\"SearchAction\",\"target\":{\"@type\":\"EntryPoint\",\"urlTemplate\":\"https:\\\/\\\/landsberg.pl\\\/es\\\/?s={search_term_string}\"},\"query-input\":{\"@type\":\"PropertyValueSpecification\",\"valueRequired\":true,\"valueName\":\"search_term_string\"}}],\"inLanguage\":\"es\"}]}<\/script>\n<!-- \/ Yoast SEO plugin. -->","yoast_head_json":{"title":"Profil\u00e9s de montage et profil\u00e9s STRUT - Landsberg Producent Profili Stalowych","description":"Profil\u00e9s de montage et profil\u00e9s STRUT","robots":{"index":"index","follow":"follow","max-snippet":"max-snippet:-1","max-image-preview":"max-image-preview:large","max-video-preview":"max-video-preview:-1"},"canonical":"https:\/\/landsberg.pl\/es\/oferta-profile-stalowe\/profiles-de-montage-et-profiles-strut\/","og_locale":"es_ES","og_type":"article","og_title":"Profil\u00e9s de montage et profil\u00e9s STRUT - Landsberg Producent Profili Stalowych","og_description":"Profil\u00e9s de montage et profil\u00e9s STRUT","og_url":"https:\/\/landsberg.pl\/es\/oferta-profile-stalowe\/profiles-de-montage-et-profiles-strut\/","og_site_name":"Landsberg Producent Profili Stalowych","article_modified_time":"2023-10-05T09:37:57+00:00","og_image":[{"width":2400,"height":1260,"url":"https:\/\/landsberg.pl\/wp-content\/uploads\/2023\/01\/op@2x.jpg","type":"image\/jpeg"}],"twitter_card":"summary_large_image","schema":{"@context":"https:\/\/schema.org","@graph":[{"@type":"WebPage","@id":"https:\/\/landsberg.pl\/es\/oferta-profile-stalowe\/profiles-de-montage-et-profiles-strut\/","url":"https:\/\/landsberg.pl\/es\/oferta-profile-stalowe\/profiles-de-montage-et-profiles-strut\/","name":"Profil\u00e9s de montage et profil\u00e9s STRUT - Landsberg Producent Profili Stalowych","isPartOf":{"@id":"https:\/\/landsberg.pl\/es\/#website"},"datePublished":"2023-01-09T14:39:00+00:00","dateModified":"2023-10-05T09:37:57+00:00","description":"Profil\u00e9s de montage et profil\u00e9s STRUT","breadcrumb":{"@id":"https:\/\/landsberg.pl\/es\/oferta-profile-stalowe\/profiles-de-montage-et-profiles-strut\/#breadcrumb"},"inLanguage":"es","potentialAction":[{"@type":"ReadAction","target":["https:\/\/landsberg.pl\/es\/oferta-profile-stalowe\/profiles-de-montage-et-profiles-strut\/"]}]},{"@type":"BreadcrumbList","@id":"https:\/\/landsberg.pl\/es\/oferta-profile-stalowe\/profiles-de-montage-et-profiles-strut\/#breadcrumb","itemListElement":[{"@type":"ListItem","position":1,"name":"Strona g\u0142\u00f3wna","item":"https:\/\/landsberg.pl\/es\/"},{"@type":"ListItem","position":2,"name":"oferta de productos de acero","item":"https:\/\/landsberg.pl\/es\/oferta-profile-stalowe\/"},{"@type":"ListItem","position":3,"name":"Profil\u00e9s de montage et profil\u00e9s STRUT"}]},{"@type":"WebSite","@id":"https:\/\/landsberg.pl\/es\/#website","url":"https:\/\/landsberg.pl\/es\/","name":"Landsberg Producent Profili Stalowych","description":"Producent certyfikowanych wyrob\u00f3w stalowych, profili konstrukcyjnych i wzmocnie\u0144 okienno-drzwiowych","potentialAction":[{"@type":"SearchAction","target":{"@type":"EntryPoint","urlTemplate":"https:\/\/landsberg.pl\/es\/?s={search_term_string}"},"query-input":{"@type":"PropertyValueSpecification","valueRequired":true,"valueName":"search_term_string"}}],"inLanguage":"es"}]}},"_links":{"self":[{"href":"https:\/\/landsberg.pl\/es\/wp-json\/wp\/v2\/pages\/2516","targetHints":{"allow":["GET"]}}],"collection":[{"href":"https:\/\/landsberg.pl\/es\/wp-json\/wp\/v2\/pages"}],"about":[{"href":"https:\/\/landsberg.pl\/es\/wp-json\/wp\/v2\/types\/page"}],"author":[{"embeddable":true,"href":"https:\/\/landsberg.pl\/es\/wp-json\/wp\/v2\/users\/1"}],"replies":[{"embeddable":true,"href":"https:\/\/landsberg.pl\/es\/wp-json\/wp\/v2\/comments?post=2516"}],"version-history":[{"count":2,"href":"https:\/\/landsberg.pl\/es\/wp-json\/wp\/v2\/pages\/2516\/revisions"}],"predecessor-version":[{"id":2519,"href":"https:\/\/landsberg.pl\/es\/wp-json\/wp\/v2\/pages\/2516\/revisions\/2519"}],"up":[{"embeddable":true,"href":"https:\/\/landsberg.pl\/es\/wp-json\/wp\/v2\/pages\/2324"}],"wp:attachment":[{"href":"https:\/\/landsberg.pl\/es\/wp-json\/wp\/v2\/media?parent=2516"}],"curies":[{"name":"wp","href":"https:\/\/api.w.org\/{rel}","templated":true}]}}