{"id":3133,"date":"2023-01-09T15:35:38","date_gmt":"2023-01-09T14:35:38","guid":{"rendered":"https:\/\/landsberg.pl\/o-firmie\/"},"modified":"2023-10-17T10:57:38","modified_gmt":"2023-10-17T08:57:38","slug":"ueber-uns","status":"publish","type":"page","link":"https:\/\/landsberg.pl\/de\/ueber-uns\/","title":{"rendered":"\u00dcBER UNS"},"content":{"rendered":"","protected":false},"excerpt":{"rendered":"","protected":false},"author":1,"featured_media":0,"parent":0,"menu_order":0,"comment_status":"closed","ping_status":"closed","template":"template-ofirmie.php","meta":{"_acf_changed":false,"footnotes":""},"class_list":["post-3133","page","type-page","status-publish","hentry"],"acf":[],"yoast_head":"<!-- This site is optimized with the Yoast SEO plugin v27.4 - https:\/\/yoast.com\/product\/yoast-seo-wordpress\/ -->\n<title>\u00dcBER UNS - Landsberg Producent Profili Stalowych<\/title>\n<meta name=\"description\" content=\"Kaltgeformte Formteile aus Stahl h\u00f6chster Qualit\u00e4t. Unsere Waren sind von sehr guter Qualit\u00e4t und entsprechen den europ\u00e4ischen technischen Normen.\" \/>\n<meta name=\"robots\" content=\"index, follow, max-snippet:-1, max-image-preview:large, max-video-preview:-1\" \/>\n<link rel=\"canonical\" href=\"https:\/\/landsberg.pl\/de\/ueber-uns\/\" \/>\n<meta property=\"og:locale\" content=\"de_DE\" \/>\n<meta property=\"og:type\" content=\"article\" \/>\n<meta property=\"og:title\" content=\"\u00dcBER UNS - Landsberg Producent Profili Stalowych\" \/>\n<meta property=\"og:description\" content=\"Kaltgeformte Formteile aus Stahl h\u00f6chster Qualit\u00e4t. Unsere Waren sind von sehr guter Qualit\u00e4t und entsprechen den europ\u00e4ischen technischen Normen.\" \/>\n<meta property=\"og:url\" content=\"https:\/\/landsberg.pl\/de\/ueber-uns\/\" \/>\n<meta property=\"og:site_name\" content=\"Landsberg Producent Profili Stalowych\" \/>\n<meta property=\"article:modified_time\" content=\"2023-10-17T08:57:38+00:00\" \/>\n<meta property=\"og:image\" content=\"https:\/\/landsberg.pl\/wp-content\/uploads\/2023\/01\/op@2x.jpg\" \/>\n\t<meta property=\"og:image:width\" content=\"2400\" \/>\n\t<meta property=\"og:image:height\" content=\"1260\" \/>\n\t<meta property=\"og:image:type\" content=\"image\/jpeg\" \/>\n<meta name=\"twitter:card\" content=\"summary_large_image\" \/>\n<script type=\"application\/ld+json\" class=\"yoast-schema-graph\">{\"@context\":\"https:\\\/\\\/schema.org\",\"@graph\":[{\"@type\":\"WebPage\",\"@id\":\"https:\\\/\\\/landsberg.pl\\\/de\\\/ueber-uns\\\/\",\"url\":\"https:\\\/\\\/landsberg.pl\\\/de\\\/ueber-uns\\\/\",\"name\":\"\u00dcBER UNS - Landsberg Producent Profili Stalowych\",\"isPartOf\":{\"@id\":\"https:\\\/\\\/landsberg.pl\\\/de\\\/#website\"},\"datePublished\":\"2023-01-09T14:35:38+00:00\",\"dateModified\":\"2023-10-17T08:57:38+00:00\",\"description\":\"Kaltgeformte Formteile aus Stahl h\u00f6chster Qualit\u00e4t. Unsere Waren sind von sehr guter Qualit\u00e4t und entsprechen den europ\u00e4ischen technischen Normen.\",\"breadcrumb\":{\"@id\":\"https:\\\/\\\/landsberg.pl\\\/de\\\/ueber-uns\\\/#breadcrumb\"},\"inLanguage\":\"de\",\"potentialAction\":[{\"@type\":\"ReadAction\",\"target\":[\"https:\\\/\\\/landsberg.pl\\\/de\\\/ueber-uns\\\/\"]}]},{\"@type\":\"BreadcrumbList\",\"@id\":\"https:\\\/\\\/landsberg.pl\\\/de\\\/ueber-uns\\\/#breadcrumb\",\"itemListElement\":[{\"@type\":\"ListItem\",\"position\":1,\"name\":\"Strona g\u0142\u00f3wna\",\"item\":\"https:\\\/\\\/landsberg.pl\\\/de\\\/\"},{\"@type\":\"ListItem\",\"position\":2,\"name\":\"\u00dcBER UNS\"}]},{\"@type\":\"WebSite\",\"@id\":\"https:\\\/\\\/landsberg.pl\\\/de\\\/#website\",\"url\":\"https:\\\/\\\/landsberg.pl\\\/de\\\/\",\"name\":\"Landsberg Producent Profili Stalowych\",\"description\":\"Producent certyfikowanych wyrob\u00f3w stalowych, profili konstrukcyjnych i wzmocnie\u0144 okienno-drzwiowych\",\"potentialAction\":[{\"@type\":\"SearchAction\",\"target\":{\"@type\":\"EntryPoint\",\"urlTemplate\":\"https:\\\/\\\/landsberg.pl\\\/de\\\/?s={search_term_string}\"},\"query-input\":{\"@type\":\"PropertyValueSpecification\",\"valueRequired\":true,\"valueName\":\"search_term_string\"}}],\"inLanguage\":\"de\"}]}<\/script>\n<!-- \/ Yoast SEO plugin. -->","yoast_head_json":{"title":"\u00dcBER UNS - Landsberg Producent Profili Stalowych","description":"Kaltgeformte Formteile aus Stahl h\u00f6chster Qualit\u00e4t. Unsere Waren sind von sehr guter Qualit\u00e4t und entsprechen den europ\u00e4ischen technischen Normen.","robots":{"index":"index","follow":"follow","max-snippet":"max-snippet:-1","max-image-preview":"max-image-preview:large","max-video-preview":"max-video-preview:-1"},"canonical":"https:\/\/landsberg.pl\/de\/ueber-uns\/","og_locale":"de_DE","og_type":"article","og_title":"\u00dcBER UNS - Landsberg Producent Profili Stalowych","og_description":"Kaltgeformte Formteile aus Stahl h\u00f6chster Qualit\u00e4t. Unsere Waren sind von sehr guter Qualit\u00e4t und entsprechen den europ\u00e4ischen technischen Normen.","og_url":"https:\/\/landsberg.pl\/de\/ueber-uns\/","og_site_name":"Landsberg Producent Profili Stalowych","article_modified_time":"2023-10-17T08:57:38+00:00","og_image":[{"width":2400,"height":1260,"url":"https:\/\/landsberg.pl\/wp-content\/uploads\/2023\/01\/op@2x.jpg","type":"image\/jpeg"}],"twitter_card":"summary_large_image","schema":{"@context":"https:\/\/schema.org","@graph":[{"@type":"WebPage","@id":"https:\/\/landsberg.pl\/de\/ueber-uns\/","url":"https:\/\/landsberg.pl\/de\/ueber-uns\/","name":"\u00dcBER UNS - Landsberg Producent Profili Stalowych","isPartOf":{"@id":"https:\/\/landsberg.pl\/de\/#website"},"datePublished":"2023-01-09T14:35:38+00:00","dateModified":"2023-10-17T08:57:38+00:00","description":"Kaltgeformte Formteile aus Stahl h\u00f6chster Qualit\u00e4t. Unsere Waren sind von sehr guter Qualit\u00e4t und entsprechen den europ\u00e4ischen technischen Normen.","breadcrumb":{"@id":"https:\/\/landsberg.pl\/de\/ueber-uns\/#breadcrumb"},"inLanguage":"de","potentialAction":[{"@type":"ReadAction","target":["https:\/\/landsberg.pl\/de\/ueber-uns\/"]}]},{"@type":"BreadcrumbList","@id":"https:\/\/landsberg.pl\/de\/ueber-uns\/#breadcrumb","itemListElement":[{"@type":"ListItem","position":1,"name":"Strona g\u0142\u00f3wna","item":"https:\/\/landsberg.pl\/de\/"},{"@type":"ListItem","position":2,"name":"\u00dcBER UNS"}]},{"@type":"WebSite","@id":"https:\/\/landsberg.pl\/de\/#website","url":"https:\/\/landsberg.pl\/de\/","name":"Landsberg Producent Profili Stalowych","description":"Producent certyfikowanych wyrob\u00f3w stalowych, profili konstrukcyjnych i wzmocnie\u0144 okienno-drzwiowych","potentialAction":[{"@type":"SearchAction","target":{"@type":"EntryPoint","urlTemplate":"https:\/\/landsberg.pl\/de\/?s={search_term_string}"},"query-input":{"@type":"PropertyValueSpecification","valueRequired":true,"valueName":"search_term_string"}}],"inLanguage":"de"}]}},"_links":{"self":[{"href":"https:\/\/landsberg.pl\/de\/wp-json\/wp\/v2\/pages\/3133","targetHints":{"allow":["GET"]}}],"collection":[{"href":"https:\/\/landsberg.pl\/de\/wp-json\/wp\/v2\/pages"}],"about":[{"href":"https:\/\/landsberg.pl\/de\/wp-json\/wp\/v2\/types\/page"}],"author":[{"embeddable":true,"href":"https:\/\/landsberg.pl\/de\/wp-json\/wp\/v2\/users\/1"}],"replies":[{"embeddable":true,"href":"https:\/\/landsberg.pl\/de\/wp-json\/wp\/v2\/comments?post=3133"}],"version-history":[{"count":11,"href":"https:\/\/landsberg.pl\/de\/wp-json\/wp\/v2\/pages\/3133\/revisions"}],"predecessor-version":[{"id":3224,"href":"https:\/\/landsberg.pl\/de\/wp-json\/wp\/v2\/pages\/3133\/revisions\/3224"}],"wp:attachment":[{"href":"https:\/\/landsberg.pl\/de\/wp-json\/wp\/v2\/media?parent=3133"}],"curies":[{"name":"wp","href":"https:\/\/api.w.org\/{rel}","templated":true}]}}