{"id":2328,"date":"2023-01-09T15:40:33","date_gmt":"2023-01-09T14:40:33","guid":{"rendered":"https:\/\/landsberg.pl\/standardy-i-technologie\/"},"modified":"2023-10-16T12:16:47","modified_gmt":"2023-10-16T10:16:47","slug":"normen-und-technologien","status":"publish","type":"page","link":"https:\/\/landsberg.pl\/de\/normen-und-technologien\/","title":{"rendered":"NORMEN UND TECHNOLOGIEN"},"content":{"rendered":"","protected":false},"excerpt":{"rendered":"","protected":false},"author":1,"featured_media":0,"parent":0,"menu_order":0,"comment_status":"closed","ping_status":"closed","template":"template-technologie-i-standardy.php","meta":{"_acf_changed":false,"footnotes":""},"class_list":["post-2328","page","type-page","status-publish","hentry"],"acf":[],"yoast_head":"<!-- This site is optimized with the Yoast SEO plugin v27.3 - https:\/\/yoast.com\/product\/yoast-seo-wordpress\/ -->\n<title>SNORMEN UND TECHNOLOGIEN Landsberg Producent Profili Stalowych<\/title>\n<meta name=\"description\" content=\"NORMEN UND TECHNOLOGIEN Wir verwenden standardm\u00e4\u00dfig hochwertigen, aus europ\u00e4ischen Stahlwerken importierten Stahl der G\u00fcte DX51D Z100-275\" \/>\n<meta name=\"robots\" content=\"index, follow, max-snippet:-1, max-image-preview:large, max-video-preview:-1\" \/>\n<link rel=\"canonical\" href=\"https:\/\/landsberg.pl\/de\/normen-und-technologien\/\" \/>\n<meta property=\"og:locale\" content=\"de_DE\" \/>\n<meta property=\"og:type\" content=\"article\" \/>\n<meta property=\"og:title\" content=\"SNORMEN UND TECHNOLOGIEN Landsberg Producent Profili Stalowych\" \/>\n<meta property=\"og:description\" content=\"NORMEN UND TECHNOLOGIEN Wir verwenden standardm\u00e4\u00dfig hochwertigen, aus europ\u00e4ischen Stahlwerken importierten Stahl der G\u00fcte DX51D Z100-275\" \/>\n<meta property=\"og:url\" content=\"https:\/\/landsberg.pl\/de\/normen-und-technologien\/\" \/>\n<meta property=\"og:site_name\" content=\"Landsberg Producent Profili Stalowych\" \/>\n<meta property=\"article:modified_time\" content=\"2023-10-16T10:16:47+00:00\" \/>\n<meta property=\"og:image\" content=\"https:\/\/landsberg.pl\/wp-content\/uploads\/2023\/09\/miniaturka-profile-stalowe-Landsberg.jpg\" \/>\n\t<meta property=\"og:image:width\" content=\"883\" \/>\n\t<meta property=\"og:image:height\" content=\"701\" \/>\n\t<meta property=\"og:image:type\" content=\"image\/jpeg\" \/>\n<meta name=\"twitter:card\" content=\"summary_large_image\" \/>\n<script type=\"application\/ld+json\" class=\"yoast-schema-graph\">{\"@context\":\"https:\\\/\\\/schema.org\",\"@graph\":[{\"@type\":\"WebPage\",\"@id\":\"https:\\\/\\\/landsberg.pl\\\/de\\\/normen-und-technologien\\\/\",\"url\":\"https:\\\/\\\/landsberg.pl\\\/de\\\/normen-und-technologien\\\/\",\"name\":\"SNORMEN UND TECHNOLOGIEN Landsberg Producent Profili Stalowych\",\"isPartOf\":{\"@id\":\"https:\\\/\\\/landsberg.pl\\\/de\\\/#website\"},\"datePublished\":\"2023-01-09T14:40:33+00:00\",\"dateModified\":\"2023-10-16T10:16:47+00:00\",\"description\":\"NORMEN UND TECHNOLOGIEN Wir verwenden standardm\u00e4\u00dfig hochwertigen, aus europ\u00e4ischen Stahlwerken importierten Stahl der G\u00fcte DX51D Z100-275\",\"breadcrumb\":{\"@id\":\"https:\\\/\\\/landsberg.pl\\\/de\\\/normen-und-technologien\\\/#breadcrumb\"},\"inLanguage\":\"de\",\"potentialAction\":[{\"@type\":\"ReadAction\",\"target\":[\"https:\\\/\\\/landsberg.pl\\\/de\\\/normen-und-technologien\\\/\"]}]},{\"@type\":\"BreadcrumbList\",\"@id\":\"https:\\\/\\\/landsberg.pl\\\/de\\\/normen-und-technologien\\\/#breadcrumb\",\"itemListElement\":[{\"@type\":\"ListItem\",\"position\":1,\"name\":\"Strona g\u0142\u00f3wna\",\"item\":\"https:\\\/\\\/landsberg.pl\\\/de\\\/\"},{\"@type\":\"ListItem\",\"position\":2,\"name\":\"NORMEN UND TECHNOLOGIEN\"}]},{\"@type\":\"WebSite\",\"@id\":\"https:\\\/\\\/landsberg.pl\\\/de\\\/#website\",\"url\":\"https:\\\/\\\/landsberg.pl\\\/de\\\/\",\"name\":\"Landsberg Producent Profili Stalowych\",\"description\":\"Producent certyfikowanych wyrob\u00f3w stalowych, profili konstrukcyjnych i wzmocnie\u0144 okienno-drzwiowych\",\"potentialAction\":[{\"@type\":\"SearchAction\",\"target\":{\"@type\":\"EntryPoint\",\"urlTemplate\":\"https:\\\/\\\/landsberg.pl\\\/de\\\/?s={search_term_string}\"},\"query-input\":{\"@type\":\"PropertyValueSpecification\",\"valueRequired\":true,\"valueName\":\"search_term_string\"}}],\"inLanguage\":\"de\"}]}<\/script>\n<!-- \/ Yoast SEO plugin. -->","yoast_head_json":{"title":"SNORMEN UND TECHNOLOGIEN Landsberg Producent Profili Stalowych","description":"NORMEN UND TECHNOLOGIEN Wir verwenden standardm\u00e4\u00dfig hochwertigen, aus europ\u00e4ischen Stahlwerken importierten Stahl der G\u00fcte DX51D Z100-275","robots":{"index":"index","follow":"follow","max-snippet":"max-snippet:-1","max-image-preview":"max-image-preview:large","max-video-preview":"max-video-preview:-1"},"canonical":"https:\/\/landsberg.pl\/de\/normen-und-technologien\/","og_locale":"de_DE","og_type":"article","og_title":"SNORMEN UND TECHNOLOGIEN Landsberg Producent Profili Stalowych","og_description":"NORMEN UND TECHNOLOGIEN Wir verwenden standardm\u00e4\u00dfig hochwertigen, aus europ\u00e4ischen Stahlwerken importierten Stahl der G\u00fcte DX51D Z100-275","og_url":"https:\/\/landsberg.pl\/de\/normen-und-technologien\/","og_site_name":"Landsberg Producent Profili Stalowych","article_modified_time":"2023-10-16T10:16:47+00:00","og_image":[{"width":883,"height":701,"url":"https:\/\/landsberg.pl\/wp-content\/uploads\/2023\/09\/miniaturka-profile-stalowe-Landsberg.jpg","type":"image\/jpeg"}],"twitter_card":"summary_large_image","schema":{"@context":"https:\/\/schema.org","@graph":[{"@type":"WebPage","@id":"https:\/\/landsberg.pl\/de\/normen-und-technologien\/","url":"https:\/\/landsberg.pl\/de\/normen-und-technologien\/","name":"SNORMEN UND TECHNOLOGIEN Landsberg Producent Profili Stalowych","isPartOf":{"@id":"https:\/\/landsberg.pl\/de\/#website"},"datePublished":"2023-01-09T14:40:33+00:00","dateModified":"2023-10-16T10:16:47+00:00","description":"NORMEN UND TECHNOLOGIEN Wir verwenden standardm\u00e4\u00dfig hochwertigen, aus europ\u00e4ischen Stahlwerken importierten Stahl der G\u00fcte DX51D Z100-275","breadcrumb":{"@id":"https:\/\/landsberg.pl\/de\/normen-und-technologien\/#breadcrumb"},"inLanguage":"de","potentialAction":[{"@type":"ReadAction","target":["https:\/\/landsberg.pl\/de\/normen-und-technologien\/"]}]},{"@type":"BreadcrumbList","@id":"https:\/\/landsberg.pl\/de\/normen-und-technologien\/#breadcrumb","itemListElement":[{"@type":"ListItem","position":1,"name":"Strona g\u0142\u00f3wna","item":"https:\/\/landsberg.pl\/de\/"},{"@type":"ListItem","position":2,"name":"NORMEN UND TECHNOLOGIEN"}]},{"@type":"WebSite","@id":"https:\/\/landsberg.pl\/de\/#website","url":"https:\/\/landsberg.pl\/de\/","name":"Landsberg Producent Profili Stalowych","description":"Producent certyfikowanych wyrob\u00f3w stalowych, profili konstrukcyjnych i wzmocnie\u0144 okienno-drzwiowych","potentialAction":[{"@type":"SearchAction","target":{"@type":"EntryPoint","urlTemplate":"https:\/\/landsberg.pl\/de\/?s={search_term_string}"},"query-input":{"@type":"PropertyValueSpecification","valueRequired":true,"valueName":"search_term_string"}}],"inLanguage":"de"}]}},"_links":{"self":[{"href":"https:\/\/landsberg.pl\/de\/wp-json\/wp\/v2\/pages\/2328","targetHints":{"allow":["GET"]}}],"collection":[{"href":"https:\/\/landsberg.pl\/de\/wp-json\/wp\/v2\/pages"}],"about":[{"href":"https:\/\/landsberg.pl\/de\/wp-json\/wp\/v2\/types\/page"}],"author":[{"embeddable":true,"href":"https:\/\/landsberg.pl\/de\/wp-json\/wp\/v2\/users\/1"}],"replies":[{"embeddable":true,"href":"https:\/\/landsberg.pl\/de\/wp-json\/wp\/v2\/comments?post=2328"}],"version-history":[{"count":8,"href":"https:\/\/landsberg.pl\/de\/wp-json\/wp\/v2\/pages\/2328\/revisions"}],"predecessor-version":[{"id":3163,"href":"https:\/\/landsberg.pl\/de\/wp-json\/wp\/v2\/pages\/2328\/revisions\/3163"}],"wp:attachment":[{"href":"https:\/\/landsberg.pl\/de\/wp-json\/wp\/v2\/media?parent=2328"}],"curies":[{"name":"wp","href":"https:\/\/api.w.org\/{rel}","templated":true}]}}